{"id":271,"date":"2024-05-20T22:38:43","date_gmt":"2024-05-20T20:38:43","guid":{"rendered":"https:\/\/maboxnatation.fr\/?page_id=271"},"modified":"2024-06-26T10:48:15","modified_gmt":"2024-06-26T08:48:15","slug":"portraits","status":"publish","type":"page","link":"https:\/\/maboxnatation.fr\/index.php\/portraits\/","title":{"rendered":"Portraits"},"content":{"rendered":"\n<p>Sur cette page je ferai le portait de nageuses, de nageurs, d&rsquo;entra\u00eeneurs et officiels qui \u0153uvrent chaque jour pour que la natation puisse encore faire r\u00eaver les plus jeunes.<\/p>\n\n\n\n<p>Tout d&rsquo;abord, on parle souvent des nageuses et nageurs de haut niveau mais pas suffisamment des nageuses et nageurs amateurs. Ces derniers nagent r\u00e9guli\u00e8rement et participent aussi  \u00e0 des comp\u00e9titions.<\/p>\n","protected":false},"excerpt":{"rendered":"<p>Sur cette page je ferai le portait de nageuses, de nageurs, d&rsquo;entra\u00eeneurs et officiels qui \u0153uvrent chaque jour pour que la natation puisse encore faire r\u00eaver les plus jeunes. Tout d&rsquo;abord, on parle souvent des nageuses et nageurs de haut niveau mais pas suffisamment des nageuses et nageurs amateurs. Ces derniers nagent r\u00e9guli\u00e8rement et participent &hellip; <\/p>\n<p class=\"link-more\"><a href=\"https:\/\/maboxnatation.fr\/index.php\/portraits\/\" class=\"more-link\">Continuer la lecture<span class=\"screen-reader-text\"> de &laquo;&nbsp;Portraits&nbsp;&raquo;<\/span><\/a><\/p>\n","protected":false},"author":1,"featured_media":0,"parent":0,"menu_order":0,"comment_status":"closed","ping_status":"closed","template":"","meta":{"footnotes":""},"class_list":["post-271","page","type-page","status-publish","hentry"],"yoast_head":"<!-- This site is optimized with the Yoast SEO plugin v27.4 - https:\/\/yoast.com\/product\/yoast-seo-wordpress\/ -->\n<title>Portraits - Ma box natation<\/title>\n<meta name=\"description\" content=\"Portraits de nageuses, de nageurs, d&#039;officiels, d&#039;entraineurs qui \u0153uvrent chaque jour pour que la natation continue \u00e0 faire r\u00eaver.\" \/>\n<meta name=\"robots\" content=\"index, follow, max-snippet:-1, max-image-preview:large, max-video-preview:-1\" \/>\n<link rel=\"canonical\" href=\"https:\/\/maboxnatation.fr\/index.php\/portraits\/\" \/>\n<meta property=\"og:locale\" content=\"fr_FR\" \/>\n<meta property=\"og:type\" content=\"article\" \/>\n<meta property=\"og:title\" content=\"Portraits - Ma box natation\" \/>\n<meta property=\"og:description\" content=\"Portraits de nageuses, de nageurs, d&#039;officiels, d&#039;entraineurs qui \u0153uvrent chaque jour pour que la natation continue \u00e0 faire r\u00eaver.\" \/>\n<meta property=\"og:url\" content=\"https:\/\/maboxnatation.fr\/index.php\/portraits\/\" \/>\n<meta property=\"og:site_name\" content=\"Ma box natation\" \/>\n<meta property=\"article:modified_time\" content=\"2024-06-26T08:48:15+00:00\" \/>\n<meta name=\"twitter:card\" content=\"summary_large_image\" \/>\n<meta name=\"twitter:label1\" content=\"Dur\u00e9e de lecture estim\u00e9e\" \/>\n\t<meta name=\"twitter:data1\" content=\"1 minute\" \/>\n<script type=\"application\/ld+json\" class=\"yoast-schema-graph\">{\"@context\":\"https:\\\/\\\/schema.org\",\"@graph\":[{\"@type\":\"WebPage\",\"@id\":\"https:\\\/\\\/maboxnatation.fr\\\/index.php\\\/portraits\\\/\",\"url\":\"https:\\\/\\\/maboxnatation.fr\\\/index.php\\\/portraits\\\/\",\"name\":\"Portraits - Ma box natation\",\"isPartOf\":{\"@id\":\"https:\\\/\\\/maboxnatation.fr\\\/#website\"},\"datePublished\":\"2024-05-20T20:38:43+00:00\",\"dateModified\":\"2024-06-26T08:48:15+00:00\",\"description\":\"Portraits de nageuses, de nageurs, d'officiels, d'entraineurs qui \u0153uvrent chaque jour pour que la natation continue \u00e0 faire r\u00eaver.\",\"breadcrumb\":{\"@id\":\"https:\\\/\\\/maboxnatation.fr\\\/index.php\\\/portraits\\\/#breadcrumb\"},\"inLanguage\":\"fr-FR\",\"potentialAction\":[{\"@type\":\"ReadAction\",\"target\":[\"https:\\\/\\\/maboxnatation.fr\\\/index.php\\\/portraits\\\/\"]}]},{\"@type\":\"BreadcrumbList\",\"@id\":\"https:\\\/\\\/maboxnatation.fr\\\/index.php\\\/portraits\\\/#breadcrumb\",\"itemListElement\":[{\"@type\":\"ListItem\",\"position\":1,\"name\":\"Accueil\",\"item\":\"https:\\\/\\\/maboxnatation.fr\\\/\"},{\"@type\":\"ListItem\",\"position\":2,\"name\":\"Portraits\"}]},{\"@type\":\"WebSite\",\"@id\":\"https:\\\/\\\/maboxnatation.fr\\\/#website\",\"url\":\"https:\\\/\\\/maboxnatation.fr\\\/\",\"name\":\"Ma box natation\",\"description\":\"L&#039;essentiel pour la natation\",\"publisher\":{\"@id\":\"https:\\\/\\\/maboxnatation.fr\\\/#organization\"},\"potentialAction\":[{\"@type\":\"SearchAction\",\"target\":{\"@type\":\"EntryPoint\",\"urlTemplate\":\"https:\\\/\\\/maboxnatation.fr\\\/?s={search_term_string}\"},\"query-input\":{\"@type\":\"PropertyValueSpecification\",\"valueRequired\":true,\"valueName\":\"search_term_string\"}}],\"inLanguage\":\"fr-FR\"},{\"@type\":\"Organization\",\"@id\":\"https:\\\/\\\/maboxnatation.fr\\\/#organization\",\"name\":\"ma box natation\",\"url\":\"https:\\\/\\\/maboxnatation.fr\\\/\",\"logo\":{\"@type\":\"ImageObject\",\"inLanguage\":\"fr-FR\",\"@id\":\"https:\\\/\\\/maboxnatation.fr\\\/#\\\/schema\\\/logo\\\/image\\\/\",\"url\":\"https:\\\/\\\/maboxnatation.fr\\\/wp-content\\\/uploads\\\/2021\\\/11\\\/Design-sans-titre-3.png\",\"contentUrl\":\"https:\\\/\\\/maboxnatation.fr\\\/wp-content\\\/uploads\\\/2021\\\/11\\\/Design-sans-titre-3.png\",\"width\":1000,\"height\":1000,\"caption\":\"ma box natation\"},\"image\":{\"@id\":\"https:\\\/\\\/maboxnatation.fr\\\/#\\\/schema\\\/logo\\\/image\\\/\"}}]}<\/script>\n<!-- \/ Yoast SEO plugin. -->","yoast_head_json":{"title":"Portraits - Ma box natation","description":"Portraits de nageuses, de nageurs, d'officiels, d'entraineurs qui \u0153uvrent chaque jour pour que la natation continue \u00e0 faire r\u00eaver.","robots":{"index":"index","follow":"follow","max-snippet":"max-snippet:-1","max-image-preview":"max-image-preview:large","max-video-preview":"max-video-preview:-1"},"canonical":"https:\/\/maboxnatation.fr\/index.php\/portraits\/","og_locale":"fr_FR","og_type":"article","og_title":"Portraits - Ma box natation","og_description":"Portraits de nageuses, de nageurs, d'officiels, d'entraineurs qui \u0153uvrent chaque jour pour que la natation continue \u00e0 faire r\u00eaver.","og_url":"https:\/\/maboxnatation.fr\/index.php\/portraits\/","og_site_name":"Ma box natation","article_modified_time":"2024-06-26T08:48:15+00:00","twitter_card":"summary_large_image","twitter_misc":{"Dur\u00e9e de lecture estim\u00e9e":"1 minute"},"schema":{"@context":"https:\/\/schema.org","@graph":[{"@type":"WebPage","@id":"https:\/\/maboxnatation.fr\/index.php\/portraits\/","url":"https:\/\/maboxnatation.fr\/index.php\/portraits\/","name":"Portraits - Ma box natation","isPartOf":{"@id":"https:\/\/maboxnatation.fr\/#website"},"datePublished":"2024-05-20T20:38:43+00:00","dateModified":"2024-06-26T08:48:15+00:00","description":"Portraits de nageuses, de nageurs, d'officiels, d'entraineurs qui \u0153uvrent chaque jour pour que la natation continue \u00e0 faire r\u00eaver.","breadcrumb":{"@id":"https:\/\/maboxnatation.fr\/index.php\/portraits\/#breadcrumb"},"inLanguage":"fr-FR","potentialAction":[{"@type":"ReadAction","target":["https:\/\/maboxnatation.fr\/index.php\/portraits\/"]}]},{"@type":"BreadcrumbList","@id":"https:\/\/maboxnatation.fr\/index.php\/portraits\/#breadcrumb","itemListElement":[{"@type":"ListItem","position":1,"name":"Accueil","item":"https:\/\/maboxnatation.fr\/"},{"@type":"ListItem","position":2,"name":"Portraits"}]},{"@type":"WebSite","@id":"https:\/\/maboxnatation.fr\/#website","url":"https:\/\/maboxnatation.fr\/","name":"Ma box natation","description":"L&#039;essentiel pour la natation","publisher":{"@id":"https:\/\/maboxnatation.fr\/#organization"},"potentialAction":[{"@type":"SearchAction","target":{"@type":"EntryPoint","urlTemplate":"https:\/\/maboxnatation.fr\/?s={search_term_string}"},"query-input":{"@type":"PropertyValueSpecification","valueRequired":true,"valueName":"search_term_string"}}],"inLanguage":"fr-FR"},{"@type":"Organization","@id":"https:\/\/maboxnatation.fr\/#organization","name":"ma box natation","url":"https:\/\/maboxnatation.fr\/","logo":{"@type":"ImageObject","inLanguage":"fr-FR","@id":"https:\/\/maboxnatation.fr\/#\/schema\/logo\/image\/","url":"https:\/\/maboxnatation.fr\/wp-content\/uploads\/2021\/11\/Design-sans-titre-3.png","contentUrl":"https:\/\/maboxnatation.fr\/wp-content\/uploads\/2021\/11\/Design-sans-titre-3.png","width":1000,"height":1000,"caption":"ma box natation"},"image":{"@id":"https:\/\/maboxnatation.fr\/#\/schema\/logo\/image\/"}}]}},"jetpack_sharing_enabled":true,"_links":{"self":[{"href":"https:\/\/maboxnatation.fr\/index.php\/wp-json\/wp\/v2\/pages\/271","targetHints":{"allow":["GET"]}}],"collection":[{"href":"https:\/\/maboxnatation.fr\/index.php\/wp-json\/wp\/v2\/pages"}],"about":[{"href":"https:\/\/maboxnatation.fr\/index.php\/wp-json\/wp\/v2\/types\/page"}],"author":[{"embeddable":true,"href":"https:\/\/maboxnatation.fr\/index.php\/wp-json\/wp\/v2\/users\/1"}],"replies":[{"embeddable":true,"href":"https:\/\/maboxnatation.fr\/index.php\/wp-json\/wp\/v2\/comments?post=271"}],"version-history":[{"count":3,"href":"https:\/\/maboxnatation.fr\/index.php\/wp-json\/wp\/v2\/pages\/271\/revisions"}],"predecessor-version":[{"id":291,"href":"https:\/\/maboxnatation.fr\/index.php\/wp-json\/wp\/v2\/pages\/271\/revisions\/291"}],"wp:attachment":[{"href":"https:\/\/maboxnatation.fr\/index.php\/wp-json\/wp\/v2\/media?parent=271"}],"curies":[{"name":"wp","href":"https:\/\/api.w.org\/{rel}","templated":true}]}}