{"id":356,"date":"2025-06-15T01:53:09","date_gmt":"2025-06-14T23:53:09","guid":{"rendered":"https:\/\/maboxnatation.fr\/?page_id=356"},"modified":"2025-06-15T01:53:10","modified_gmt":"2025-06-14T23:53:10","slug":"qui-suis-je","status":"publish","type":"page","link":"https:\/\/maboxnatation.fr\/index.php\/qui-suis-je\/","title":{"rendered":"Qui suis-je ?"},"content":{"rendered":"\n<p>Qui suis-je ? Je suis Linda, ma\u00eetre nageur sauveteur dipl\u00f4m\u00e9e depuis 1997. J&rsquo;ai toujours aim\u00e9 nager et j&rsquo;en ai fait mon m\u00e9tier. J&rsquo;ai \u00e9t\u00e9 pendant plus de 30 ans ma\u00eetre-nageur dans diff\u00e9rentes piscines municipales. En parral\u00e8le  j&rsquo;ai \u00e9t\u00e9 entra\u00eeneur de natation pour diff\u00e9rents clubs en province et en Ile de France. Cela m&rsquo;a permis de former de nombreuses nageuses et nageurs. Certaines et certains ont atteint le haut niveau avec une nageuse qui a \u00e9t\u00e9 s\u00e9lectionn\u00e9e en <a href=\"https:\/\/www.ffnatation.fr\/\">\u00e9quipe de France.<\/a> Cette nageuse \u00e0 particip\u00e9 aux championnats d&rsquo;Europe junior en 2013 sur le 200 m brasse.<\/p>\n\n\n<div class=\"wp-block-image\">\n<figure class=\"aligncenter size-full is-resized\"><img data-recalc-dims=\"1\" loading=\"lazy\" decoding=\"async\" width=\"259\" height=\"194\" src=\"https:\/\/i0.wp.com\/maboxnatation.fr\/wp-content\/uploads\/2025\/06\/Linda-PAP.jpg?resize=259%2C194&#038;ssl=1\" alt=\"qui suis-je ?\" class=\"wp-image-357\" style=\"width:395px;height:auto\"\/><figcaption class=\"wp-element-caption\">Linda papillon<\/figcaption><\/figure>\n<\/div>\n\n\n<p>J&rsquo;ai aussi entra\u00een\u00e9 pendant 20 ans un groupe de natation loisirs dans les Yvelines. <\/p>\n\n\n\n<p>J&rsquo;ai cr\u00e9\u00e9 <a href=\"https:\/\/maboxnatation.fr\/index.php\/boutique\/\">ma box natation<\/a> car je trouvais que les lunettes des enfants en natation scolaire ou en \u00e9cole de natation n&rsquo;\u00e9taient vraiment pas de bonnes qualit\u00e9. Les bonnets de natation que les enfants portaient n&rsquo;\u00e9taient pas non plus forc\u00e9ment \u00e0 la bonne taille. J&rsquo;ai donc cr\u00e9\u00e9 cette box afin de permettre aux parents d&rsquo;acheter du mat\u00e9riel de qualit\u00e9 et adapt\u00e9s aux diff\u00e9rents usages. La box est aussi disponible pour les adultes et pour les enfants.<\/p>\n\n\n\n<h2 class=\"wp-block-heading\"><strong>Je suis tr\u00e8s p\u00e9dagogue<\/strong><\/h2>\n\n\n\n<p>Suite \u00e0 une reconversion professionnelle, je ne travaille plus en tant que ma\u00eetre-nageur. Cela ne m&rsquo;interdit pas de donne des cours de natation aux personnes propri\u00e9taires de piscines.<\/p>\n\n\n\n<p>La p\u00e9dagogie diff\u00e9renci\u00e9e est au c\u0153ur des cours. Je m&rsquo;adapte aux personnes qui prennent les cours avec moi. J&rsquo;ai travaill\u00e9e pendant plus de 25 ans aupr\u00e8s des b\u00e9b\u00e9s nageurs, du jardin aquatique et de l&rsquo;apprentissage pour les enfants. Je suis aussi sp\u00e9cialiste de l&rsquo;aquaphobie. J&rsquo;ai aussi une app\u00e9tence pour l&rsquo;apprentissage de la natation aupr\u00e8s des enfants et adultes en situation de handicap. <\/p>\n\n\n\n<p>N&rsquo;h\u00e9sitez pas \u00e0 me contacter si vous souhaitez prendre des cours. Je me ferais un plaisir de vous r\u00e9pondre et de venir dispenser des cours chez vous.<\/p>\n","protected":false},"excerpt":{"rendered":"<p>Qui suis-je ? Je suis Linda, ma\u00eetre nageur sauveteur dipl\u00f4m\u00e9e depuis 1997. J&rsquo;ai toujours aim\u00e9 nager et j&rsquo;en ai fait mon m\u00e9tier. J&rsquo;ai \u00e9t\u00e9 pendant plus de 30 ans ma\u00eetre-nageur dans diff\u00e9rentes piscines municipales. En parral\u00e8le j&rsquo;ai \u00e9t\u00e9 entra\u00eeneur de natation pour diff\u00e9rents clubs en province et en Ile de France. Cela m&rsquo;a permis de &hellip; <\/p>\n<p class=\"link-more\"><a href=\"https:\/\/maboxnatation.fr\/index.php\/qui-suis-je\/\" class=\"more-link\">Continuer la lecture<span class=\"screen-reader-text\"> de &laquo;&nbsp;Qui suis-je ?&nbsp;&raquo;<\/span><\/a><\/p>\n","protected":false},"author":1,"featured_media":0,"parent":0,"menu_order":0,"comment_status":"closed","ping_status":"closed","template":"","meta":{"footnotes":""},"class_list":["post-356","page","type-page","status-publish","hentry"],"yoast_head":"<!-- This site is optimized with the Yoast SEO plugin v27.4 - https:\/\/yoast.com\/product\/yoast-seo-wordpress\/ -->\n<title>Qui suis-je ? - Ma box natation<\/title>\n<meta name=\"description\" content=\"Qui suis-je ? Je suis Linda, ma\u00eetre nageur sauveteur dipl\u00f4m\u00e9e depuis 1997. J&#039;ai toujours aim\u00e9 nager et j&#039;en ai fait mon m\u00e9tier.\" \/>\n<meta name=\"robots\" content=\"index, follow, max-snippet:-1, max-image-preview:large, max-video-preview:-1\" \/>\n<link rel=\"canonical\" href=\"https:\/\/maboxnatation.fr\/index.php\/qui-suis-je\/\" \/>\n<meta property=\"og:locale\" content=\"fr_FR\" \/>\n<meta property=\"og:type\" content=\"article\" \/>\n<meta property=\"og:title\" content=\"Qui suis-je ? - Ma box natation\" \/>\n<meta property=\"og:description\" content=\"Qui suis-je ? Je suis Linda, ma\u00eetre nageur sauveteur dipl\u00f4m\u00e9e depuis 1997. J&#039;ai toujours aim\u00e9 nager et j&#039;en ai fait mon m\u00e9tier.\" \/>\n<meta property=\"og:url\" content=\"https:\/\/maboxnatation.fr\/index.php\/qui-suis-je\/\" \/>\n<meta property=\"og:site_name\" content=\"Ma box natation\" \/>\n<meta property=\"article:modified_time\" content=\"2025-06-14T23:53:10+00:00\" \/>\n<meta property=\"og:image\" content=\"https:\/\/maboxnatation.fr\/wp-content\/uploads\/2025\/06\/Linda-PAP.jpg\" \/>\n<meta name=\"twitter:card\" content=\"summary_large_image\" \/>\n<meta name=\"twitter:label1\" content=\"Dur\u00e9e de lecture estim\u00e9e\" \/>\n\t<meta name=\"twitter:data1\" content=\"2 minutes\" \/>\n<script type=\"application\/ld+json\" class=\"yoast-schema-graph\">{\"@context\":\"https:\\\/\\\/schema.org\",\"@graph\":[{\"@type\":\"WebPage\",\"@id\":\"https:\\\/\\\/maboxnatation.fr\\\/index.php\\\/qui-suis-je\\\/\",\"url\":\"https:\\\/\\\/maboxnatation.fr\\\/index.php\\\/qui-suis-je\\\/\",\"name\":\"Qui suis-je ? - Ma box natation\",\"isPartOf\":{\"@id\":\"https:\\\/\\\/maboxnatation.fr\\\/#website\"},\"primaryImageOfPage\":{\"@id\":\"https:\\\/\\\/maboxnatation.fr\\\/index.php\\\/qui-suis-je\\\/#primaryimage\"},\"image\":{\"@id\":\"https:\\\/\\\/maboxnatation.fr\\\/index.php\\\/qui-suis-je\\\/#primaryimage\"},\"thumbnailUrl\":\"https:\\\/\\\/maboxnatation.fr\\\/wp-content\\\/uploads\\\/2025\\\/06\\\/Linda-PAP.jpg\",\"datePublished\":\"2025-06-14T23:53:09+00:00\",\"dateModified\":\"2025-06-14T23:53:10+00:00\",\"description\":\"Qui suis-je ? Je suis Linda, ma\u00eetre nageur sauveteur dipl\u00f4m\u00e9e depuis 1997. J'ai toujours aim\u00e9 nager et j'en ai fait mon m\u00e9tier.\",\"breadcrumb\":{\"@id\":\"https:\\\/\\\/maboxnatation.fr\\\/index.php\\\/qui-suis-je\\\/#breadcrumb\"},\"inLanguage\":\"fr-FR\",\"potentialAction\":[{\"@type\":\"ReadAction\",\"target\":[\"https:\\\/\\\/maboxnatation.fr\\\/index.php\\\/qui-suis-je\\\/\"]}]},{\"@type\":\"ImageObject\",\"inLanguage\":\"fr-FR\",\"@id\":\"https:\\\/\\\/maboxnatation.fr\\\/index.php\\\/qui-suis-je\\\/#primaryimage\",\"url\":\"https:\\\/\\\/i0.wp.com\\\/maboxnatation.fr\\\/wp-content\\\/uploads\\\/2025\\\/06\\\/Linda-PAP.jpg?fit=259%2C194&ssl=1\",\"contentUrl\":\"https:\\\/\\\/i0.wp.com\\\/maboxnatation.fr\\\/wp-content\\\/uploads\\\/2025\\\/06\\\/Linda-PAP.jpg?fit=259%2C194&ssl=1\",\"width\":259,\"height\":194,\"caption\":\"Linda papillon\"},{\"@type\":\"BreadcrumbList\",\"@id\":\"https:\\\/\\\/maboxnatation.fr\\\/index.php\\\/qui-suis-je\\\/#breadcrumb\",\"itemListElement\":[{\"@type\":\"ListItem\",\"position\":1,\"name\":\"Accueil\",\"item\":\"https:\\\/\\\/maboxnatation.fr\\\/\"},{\"@type\":\"ListItem\",\"position\":2,\"name\":\"Qui suis-je ?\"}]},{\"@type\":\"WebSite\",\"@id\":\"https:\\\/\\\/maboxnatation.fr\\\/#website\",\"url\":\"https:\\\/\\\/maboxnatation.fr\\\/\",\"name\":\"Ma box natation\",\"description\":\"L&#039;essentiel pour la natation\",\"publisher\":{\"@id\":\"https:\\\/\\\/maboxnatation.fr\\\/#organization\"},\"potentialAction\":[{\"@type\":\"SearchAction\",\"target\":{\"@type\":\"EntryPoint\",\"urlTemplate\":\"https:\\\/\\\/maboxnatation.fr\\\/?s={search_term_string}\"},\"query-input\":{\"@type\":\"PropertyValueSpecification\",\"valueRequired\":true,\"valueName\":\"search_term_string\"}}],\"inLanguage\":\"fr-FR\"},{\"@type\":\"Organization\",\"@id\":\"https:\\\/\\\/maboxnatation.fr\\\/#organization\",\"name\":\"ma box natation\",\"url\":\"https:\\\/\\\/maboxnatation.fr\\\/\",\"logo\":{\"@type\":\"ImageObject\",\"inLanguage\":\"fr-FR\",\"@id\":\"https:\\\/\\\/maboxnatation.fr\\\/#\\\/schema\\\/logo\\\/image\\\/\",\"url\":\"https:\\\/\\\/maboxnatation.fr\\\/wp-content\\\/uploads\\\/2021\\\/11\\\/Design-sans-titre-3.png\",\"contentUrl\":\"https:\\\/\\\/maboxnatation.fr\\\/wp-content\\\/uploads\\\/2021\\\/11\\\/Design-sans-titre-3.png\",\"width\":1000,\"height\":1000,\"caption\":\"ma box natation\"},\"image\":{\"@id\":\"https:\\\/\\\/maboxnatation.fr\\\/#\\\/schema\\\/logo\\\/image\\\/\"}}]}<\/script>\n<!-- \/ Yoast SEO plugin. -->","yoast_head_json":{"title":"Qui suis-je ? - Ma box natation","description":"Qui suis-je ? Je suis Linda, ma\u00eetre nageur sauveteur dipl\u00f4m\u00e9e depuis 1997. J'ai toujours aim\u00e9 nager et j'en ai fait mon m\u00e9tier.","robots":{"index":"index","follow":"follow","max-snippet":"max-snippet:-1","max-image-preview":"max-image-preview:large","max-video-preview":"max-video-preview:-1"},"canonical":"https:\/\/maboxnatation.fr\/index.php\/qui-suis-je\/","og_locale":"fr_FR","og_type":"article","og_title":"Qui suis-je ? - Ma box natation","og_description":"Qui suis-je ? Je suis Linda, ma\u00eetre nageur sauveteur dipl\u00f4m\u00e9e depuis 1997. J'ai toujours aim\u00e9 nager et j'en ai fait mon m\u00e9tier.","og_url":"https:\/\/maboxnatation.fr\/index.php\/qui-suis-je\/","og_site_name":"Ma box natation","article_modified_time":"2025-06-14T23:53:10+00:00","og_image":[{"url":"https:\/\/maboxnatation.fr\/wp-content\/uploads\/2025\/06\/Linda-PAP.jpg","type":"","width":"","height":""}],"twitter_card":"summary_large_image","twitter_misc":{"Dur\u00e9e de lecture estim\u00e9e":"2 minutes"},"schema":{"@context":"https:\/\/schema.org","@graph":[{"@type":"WebPage","@id":"https:\/\/maboxnatation.fr\/index.php\/qui-suis-je\/","url":"https:\/\/maboxnatation.fr\/index.php\/qui-suis-je\/","name":"Qui suis-je ? - Ma box natation","isPartOf":{"@id":"https:\/\/maboxnatation.fr\/#website"},"primaryImageOfPage":{"@id":"https:\/\/maboxnatation.fr\/index.php\/qui-suis-je\/#primaryimage"},"image":{"@id":"https:\/\/maboxnatation.fr\/index.php\/qui-suis-je\/#primaryimage"},"thumbnailUrl":"https:\/\/maboxnatation.fr\/wp-content\/uploads\/2025\/06\/Linda-PAP.jpg","datePublished":"2025-06-14T23:53:09+00:00","dateModified":"2025-06-14T23:53:10+00:00","description":"Qui suis-je ? Je suis Linda, ma\u00eetre nageur sauveteur dipl\u00f4m\u00e9e depuis 1997. J'ai toujours aim\u00e9 nager et j'en ai fait mon m\u00e9tier.","breadcrumb":{"@id":"https:\/\/maboxnatation.fr\/index.php\/qui-suis-je\/#breadcrumb"},"inLanguage":"fr-FR","potentialAction":[{"@type":"ReadAction","target":["https:\/\/maboxnatation.fr\/index.php\/qui-suis-je\/"]}]},{"@type":"ImageObject","inLanguage":"fr-FR","@id":"https:\/\/maboxnatation.fr\/index.php\/qui-suis-je\/#primaryimage","url":"https:\/\/i0.wp.com\/maboxnatation.fr\/wp-content\/uploads\/2025\/06\/Linda-PAP.jpg?fit=259%2C194&ssl=1","contentUrl":"https:\/\/i0.wp.com\/maboxnatation.fr\/wp-content\/uploads\/2025\/06\/Linda-PAP.jpg?fit=259%2C194&ssl=1","width":259,"height":194,"caption":"Linda papillon"},{"@type":"BreadcrumbList","@id":"https:\/\/maboxnatation.fr\/index.php\/qui-suis-je\/#breadcrumb","itemListElement":[{"@type":"ListItem","position":1,"name":"Accueil","item":"https:\/\/maboxnatation.fr\/"},{"@type":"ListItem","position":2,"name":"Qui suis-je ?"}]},{"@type":"WebSite","@id":"https:\/\/maboxnatation.fr\/#website","url":"https:\/\/maboxnatation.fr\/","name":"Ma box natation","description":"L&#039;essentiel pour la natation","publisher":{"@id":"https:\/\/maboxnatation.fr\/#organization"},"potentialAction":[{"@type":"SearchAction","target":{"@type":"EntryPoint","urlTemplate":"https:\/\/maboxnatation.fr\/?s={search_term_string}"},"query-input":{"@type":"PropertyValueSpecification","valueRequired":true,"valueName":"search_term_string"}}],"inLanguage":"fr-FR"},{"@type":"Organization","@id":"https:\/\/maboxnatation.fr\/#organization","name":"ma box natation","url":"https:\/\/maboxnatation.fr\/","logo":{"@type":"ImageObject","inLanguage":"fr-FR","@id":"https:\/\/maboxnatation.fr\/#\/schema\/logo\/image\/","url":"https:\/\/maboxnatation.fr\/wp-content\/uploads\/2021\/11\/Design-sans-titre-3.png","contentUrl":"https:\/\/maboxnatation.fr\/wp-content\/uploads\/2021\/11\/Design-sans-titre-3.png","width":1000,"height":1000,"caption":"ma box natation"},"image":{"@id":"https:\/\/maboxnatation.fr\/#\/schema\/logo\/image\/"}}]}},"jetpack_sharing_enabled":true,"_links":{"self":[{"href":"https:\/\/maboxnatation.fr\/index.php\/wp-json\/wp\/v2\/pages\/356","targetHints":{"allow":["GET"]}}],"collection":[{"href":"https:\/\/maboxnatation.fr\/index.php\/wp-json\/wp\/v2\/pages"}],"about":[{"href":"https:\/\/maboxnatation.fr\/index.php\/wp-json\/wp\/v2\/types\/page"}],"author":[{"embeddable":true,"href":"https:\/\/maboxnatation.fr\/index.php\/wp-json\/wp\/v2\/users\/1"}],"replies":[{"embeddable":true,"href":"https:\/\/maboxnatation.fr\/index.php\/wp-json\/wp\/v2\/comments?post=356"}],"version-history":[{"count":1,"href":"https:\/\/maboxnatation.fr\/index.php\/wp-json\/wp\/v2\/pages\/356\/revisions"}],"predecessor-version":[{"id":359,"href":"https:\/\/maboxnatation.fr\/index.php\/wp-json\/wp\/v2\/pages\/356\/revisions\/359"}],"wp:attachment":[{"href":"https:\/\/maboxnatation.fr\/index.php\/wp-json\/wp\/v2\/media?parent=356"}],"curies":[{"name":"wp","href":"https:\/\/api.w.org\/{rel}","templated":true}]}}