{"id":136,"date":"2022-04-24T10:14:25","date_gmt":"2022-04-24T08:14:25","guid":{"rendered":"https:\/\/maboxnatation.fr\/?post_type=product&#038;p=136"},"modified":"2025-01-02T22:17:12","modified_gmt":"2025-01-02T21:17:12","slug":"ma-box-natation-speciale-eau-libre","status":"publish","type":"product","link":"https:\/\/maboxnatation.fr\/index.php\/produit\/ma-box-natation-speciale-eau-libre\/","title":{"rendered":"Ma box natation sp\u00e9ciale \u00ab\u00a0Eau libre\u00a0\u00bb"},"content":{"rendered":"<p><strong>Ma box natation eau libre.<\/strong><\/p>\n<p>Ma box natation eau libre est la box n\u00e9cessaire \u00e0 la bonne pratique de cette activit\u00e9 qui n&rsquo;est pas sans danger. \u00a0La natation en eau libre ou en milieu naturel a le vent en poupe depuis quelques ann\u00e9es mais il faut la pratiquer avec certaines pr\u00e9cautions. Quand on nage en eau libre nous avons un sentiment de libert\u00e9 totale et pas de contraintes horaires comme les heures d\u2019ouvertures des piscines.<\/p>\n<p>Ma box natation eau libre contient <a href=\"https:\/\/www.eurocomswim.com\/fr\/sacs-etanches\/axr-axel-reymond\/sac-bouee-gonflable-de-securite-axr-axel-reymond-p-3850.htm\">une bou\u00e9e de s\u00e9curit\u00e9<\/a>. Cette bou\u00e9e a un double emploi. Premi\u00e8rement elle permet d&rsquo;\u00eatre vu par tout le monde quand on nage en milieu naturel. Deuxi\u00e8mement cette bou\u00e9e permet de ranger ses affaires quand on part nager on peut y ranger un t\u00e9l\u00e9phone, ses cl\u00e9s de voiture et des papiers d&rsquo;identit\u00e9.<\/p>\n<p><img data-recalc-dims=\"1\" loading=\"lazy\" decoding=\"async\" class=\"size-medium wp-image-143 aligncenter\" src=\"https:\/\/i0.wp.com\/maboxnatation.fr\/wp-content\/uploads\/2022\/04\/Bouee-avec-basket-axel_reymond.jpg?resize=300%2C300&#038;ssl=1\" alt=\"bou\u00e9e de s\u00e9curit\u00e9 Axel Reymond\" width=\"300\" height=\"300\" srcset=\"https:\/\/i0.wp.com\/maboxnatation.fr\/wp-content\/uploads\/2022\/04\/Bouee-avec-basket-axel_reymond.jpg?resize=300%2C300&amp;ssl=1 300w, https:\/\/i0.wp.com\/maboxnatation.fr\/wp-content\/uploads\/2022\/04\/Bouee-avec-basket-axel_reymond.jpg?resize=150%2C150&amp;ssl=1 150w, https:\/\/i0.wp.com\/maboxnatation.fr\/wp-content\/uploads\/2022\/04\/Bouee-avec-basket-axel_reymond.jpg?resize=768%2C768&amp;ssl=1 768w, https:\/\/i0.wp.com\/maboxnatation.fr\/wp-content\/uploads\/2022\/04\/Bouee-avec-basket-axel_reymond.jpg?resize=100%2C100&amp;ssl=1 100w, https:\/\/i0.wp.com\/maboxnatation.fr\/wp-content\/uploads\/2022\/04\/Bouee-avec-basket-axel_reymond.jpg?resize=250%2C250&amp;ssl=1 250w, https:\/\/i0.wp.com\/maboxnatation.fr\/wp-content\/uploads\/2022\/04\/Bouee-avec-basket-axel_reymond.jpg?resize=350%2C350&amp;ssl=1 350w, https:\/\/i0.wp.com\/maboxnatation.fr\/wp-content\/uploads\/2022\/04\/Bouee-avec-basket-axel_reymond.jpg?w=800&amp;ssl=1 800w\" sizes=\"auto, (max-width: 300px) 100vw, 300px\" \/><\/p>\n<p>&nbsp;<\/p>\n<p>&nbsp;<\/p>\n<h2><strong>Les r\u00e8gles de s\u00e9curit\u00e9:<\/strong><\/h2>\n<p>Voici quelques r\u00e8gles de s\u00e9curit\u00e9 quand on s&rsquo;entra\u00eene en milieu naturel.<\/p>\n<p>On ne part jamais seul, m\u00eame un nageur et une nageuse confirm\u00e9 (e) peuvent avoir un malaise ou une crampe. Nager seul devient dans ce cas dangereux.<\/p>\n<p>Avant de partir nager, nous devons pr\u00e9venir notre entourage de notre d\u00e9part.\u00a0 On leur indique l\u2019heure \u00e0 laquelle nous partons et la dur\u00e9e de l\u2019entra\u00eenement. Nous leur communiquons aussi les coordonn\u00e9es de la personne avec qui nous partons nager et le lieu exact de la sortie en milieu naturel. Il est pr\u00e9f\u00e9rable de favoriser les entra\u00eenements avec un groupe d\u2019amis ou en club.<\/p>\n<p>Ensuite nous pensons bien \u00e0 prendre notre mat\u00e9riel de natation. Il nous faut un maillot de bain, une paire de lunettes de pr\u00e9f\u00e9rence miroir pour avoir une protection solaire. On peut utiliser une combinaison ou une trifonction car parfois l\u2019eau peut \u00eatre plus froide que pr\u00e9vue. N\u2019oublions pas de prendre aussi de la vaseline et des gants pour pouvoir prot\u00e9ger certaines parties du corps. En effet des frottements de la combinaison et du maillot de bain pour les femmes peuvent survenir. Les gants permettent de mettre de la vaseline et de pouvoir nager ensuite sans perdre ses appuis.<\/p>\n<p><img data-recalc-dims=\"1\" loading=\"lazy\" decoding=\"async\" class=\"size-medium wp-image-142 aligncenter\" src=\"https:\/\/i0.wp.com\/maboxnatation.fr\/wp-content\/uploads\/2022\/04\/Bouee-Axel-Reymond.jpg?resize=300%2C300&#038;ssl=1\" alt=\"\" width=\"300\" height=\"300\" srcset=\"https:\/\/i0.wp.com\/maboxnatation.fr\/wp-content\/uploads\/2022\/04\/Bouee-Axel-Reymond.jpg?resize=300%2C300&amp;ssl=1 300w, https:\/\/i0.wp.com\/maboxnatation.fr\/wp-content\/uploads\/2022\/04\/Bouee-Axel-Reymond.jpg?resize=150%2C150&amp;ssl=1 150w, https:\/\/i0.wp.com\/maboxnatation.fr\/wp-content\/uploads\/2022\/04\/Bouee-Axel-Reymond.jpg?resize=768%2C768&amp;ssl=1 768w, https:\/\/i0.wp.com\/maboxnatation.fr\/wp-content\/uploads\/2022\/04\/Bouee-Axel-Reymond.jpg?resize=100%2C100&amp;ssl=1 100w, https:\/\/i0.wp.com\/maboxnatation.fr\/wp-content\/uploads\/2022\/04\/Bouee-Axel-Reymond.jpg?resize=250%2C250&amp;ssl=1 250w, https:\/\/i0.wp.com\/maboxnatation.fr\/wp-content\/uploads\/2022\/04\/Bouee-Axel-Reymond.jpg?resize=350%2C350&amp;ssl=1 350w, https:\/\/i0.wp.com\/maboxnatation.fr\/wp-content\/uploads\/2022\/04\/Bouee-Axel-Reymond.jpg?w=800&amp;ssl=1 800w\" sizes=\"auto, (max-width: 300px) 100vw, 300px\" \/><\/p>\n","protected":false},"excerpt":{"rendered":"<p>Ma box natation eau libre. Ma box natation eau libre est la box n\u00e9cessaire \u00e0 la bonne pratique de cette activit\u00e9 qui n&rsquo;est pas sans danger. \u00a0La natation en eau libre ou en milieu naturel a le vent en poupe depuis quelques ann\u00e9es mais il faut la pratiquer avec certaines pr\u00e9cautions. Quand on nage en &hellip; <\/p>\n<p class=\"link-more\"><a href=\"https:\/\/maboxnatation.fr\/index.php\/produit\/ma-box-natation-speciale-eau-libre\/\" class=\"more-link\">Continuer la lecture<span class=\"screen-reader-text\"> de &laquo;&nbsp;Ma box natation sp\u00e9ciale \u00ab\u00a0Eau libre\u00a0\u00bb&nbsp;&raquo;<\/span><\/a><\/p>\n","protected":false},"featured_media":143,"comment_status":"open","ping_status":"closed","template":"","meta":[],"product_brand":[],"product_cat":[15],"product_tag":[50,38,49,17,51],"class_list":{"0":"post-136","1":"product","2":"type-product","3":"status-publish","4":"has-post-thumbnail","6":"product_cat-non-classe","7":"product_tag-bouee","8":"product_tag-box-natation","9":"product_tag-eau-libre","10":"product_tag-natation","11":"product_tag-open-water","13":"first","14":"instock","15":"shipping-taxable","16":"purchasable","17":"product-type-simple"},"yoast_head":"<!-- This site is optimized with the Yoast SEO plugin v27.4 - https:\/\/yoast.com\/product\/yoast-seo-wordpress\/ -->\n<title>Ma box natation sp\u00e9ciale &quot;Eau libre&quot; - Ma box natation<\/title>\n<meta name=\"description\" content=\"Ma box natation sp\u00e9ciale eau libre contient une bou\u00e9e de s\u00e9curit\u00e9 pour pouvoir nager en toute s\u00e9curit\u00e9 en milieu naturel.\" \/>\n<meta name=\"robots\" content=\"index, follow, max-snippet:-1, max-image-preview:large, max-video-preview:-1\" \/>\n<link rel=\"canonical\" href=\"https:\/\/maboxnatation.fr\/index.php\/produit\/ma-box-natation-speciale-eau-libre\/\" \/>\n<meta property=\"og:locale\" content=\"fr_FR\" \/>\n<meta property=\"og:type\" content=\"article\" \/>\n<meta property=\"og:title\" content=\"Ma box natation sp\u00e9ciale &quot;Eau libre&quot; - Ma box natation\" \/>\n<meta property=\"og:description\" content=\"Ma box natation sp\u00e9ciale eau libre contient une bou\u00e9e de s\u00e9curit\u00e9 pour pouvoir nager en toute s\u00e9curit\u00e9 en milieu naturel.\" \/>\n<meta property=\"og:url\" content=\"https:\/\/maboxnatation.fr\/index.php\/produit\/ma-box-natation-speciale-eau-libre\/\" \/>\n<meta property=\"og:site_name\" content=\"Ma box natation\" \/>\n<meta property=\"article:modified_time\" content=\"2025-01-02T21:17:12+00:00\" \/>\n<meta property=\"og:image\" content=\"https:\/\/maboxnatation.fr\/wp-content\/uploads\/2022\/04\/Bouee-avec-basket-axel_reymond.jpg\" \/>\n\t<meta property=\"og:image:width\" content=\"800\" \/>\n\t<meta property=\"og:image:height\" content=\"800\" \/>\n\t<meta property=\"og:image:type\" content=\"image\/jpeg\" \/>\n<meta name=\"twitter:card\" content=\"summary_large_image\" \/>\n<meta name=\"twitter:label1\" content=\"Dur\u00e9e de lecture estim\u00e9e\" \/>\n\t<meta name=\"twitter:data1\" content=\"3 minutes\" \/>\n<script type=\"application\/ld+json\" class=\"yoast-schema-graph\">{\"@context\":\"https:\\\/\\\/schema.org\",\"@graph\":[{\"@type\":\"WebPage\",\"@id\":\"https:\\\/\\\/maboxnatation.fr\\\/index.php\\\/produit\\\/ma-box-natation-speciale-eau-libre\\\/\",\"url\":\"https:\\\/\\\/maboxnatation.fr\\\/index.php\\\/produit\\\/ma-box-natation-speciale-eau-libre\\\/\",\"name\":\"Ma box natation sp\u00e9ciale \\\"Eau libre\\\" - Ma box natation\",\"isPartOf\":{\"@id\":\"https:\\\/\\\/maboxnatation.fr\\\/#website\"},\"primaryImageOfPage\":{\"@id\":\"https:\\\/\\\/maboxnatation.fr\\\/index.php\\\/produit\\\/ma-box-natation-speciale-eau-libre\\\/#primaryimage\"},\"image\":{\"@id\":\"https:\\\/\\\/maboxnatation.fr\\\/index.php\\\/produit\\\/ma-box-natation-speciale-eau-libre\\\/#primaryimage\"},\"thumbnailUrl\":\"https:\\\/\\\/i0.wp.com\\\/maboxnatation.fr\\\/wp-content\\\/uploads\\\/2022\\\/04\\\/Bouee-avec-basket-axel_reymond.jpg?fit=800%2C800&ssl=1\",\"datePublished\":\"2022-04-24T08:14:25+00:00\",\"dateModified\":\"2025-01-02T21:17:12+00:00\",\"description\":\"Ma box natation sp\u00e9ciale eau libre contient une bou\u00e9e de s\u00e9curit\u00e9 pour pouvoir nager en toute s\u00e9curit\u00e9 en milieu naturel.\",\"breadcrumb\":{\"@id\":\"https:\\\/\\\/maboxnatation.fr\\\/index.php\\\/produit\\\/ma-box-natation-speciale-eau-libre\\\/#breadcrumb\"},\"inLanguage\":\"fr-FR\",\"potentialAction\":[{\"@type\":\"ReadAction\",\"target\":[\"https:\\\/\\\/maboxnatation.fr\\\/index.php\\\/produit\\\/ma-box-natation-speciale-eau-libre\\\/\"]}]},{\"@type\":\"ImageObject\",\"inLanguage\":\"fr-FR\",\"@id\":\"https:\\\/\\\/maboxnatation.fr\\\/index.php\\\/produit\\\/ma-box-natation-speciale-eau-libre\\\/#primaryimage\",\"url\":\"https:\\\/\\\/i0.wp.com\\\/maboxnatation.fr\\\/wp-content\\\/uploads\\\/2022\\\/04\\\/Bouee-avec-basket-axel_reymond.jpg?fit=800%2C800&ssl=1\",\"contentUrl\":\"https:\\\/\\\/i0.wp.com\\\/maboxnatation.fr\\\/wp-content\\\/uploads\\\/2022\\\/04\\\/Bouee-avec-basket-axel_reymond.jpg?fit=800%2C800&ssl=1\",\"width\":800,\"height\":800,\"caption\":\"bou\u00e9e de s\u00e9curit\u00e9 Axel Reymond\"},{\"@type\":\"BreadcrumbList\",\"@id\":\"https:\\\/\\\/maboxnatation.fr\\\/index.php\\\/produit\\\/ma-box-natation-speciale-eau-libre\\\/#breadcrumb\",\"itemListElement\":[{\"@type\":\"ListItem\",\"position\":1,\"name\":\"Accueil\",\"item\":\"https:\\\/\\\/maboxnatation.fr\\\/\"},{\"@type\":\"ListItem\",\"position\":2,\"name\":\"Boutique\",\"item\":\"https:\\\/\\\/maboxnatation.fr\\\/index.php\\\/boutique\\\/\"},{\"@type\":\"ListItem\",\"position\":3,\"name\":\"Ma box natation sp\u00e9ciale \u00ab\u00a0Eau libre\u00a0\u00bb\"}]},{\"@type\":\"WebSite\",\"@id\":\"https:\\\/\\\/maboxnatation.fr\\\/#website\",\"url\":\"https:\\\/\\\/maboxnatation.fr\\\/\",\"name\":\"Ma box natation\",\"description\":\"L&#039;essentiel pour la natation\",\"publisher\":{\"@id\":\"https:\\\/\\\/maboxnatation.fr\\\/#organization\"},\"potentialAction\":[{\"@type\":\"SearchAction\",\"target\":{\"@type\":\"EntryPoint\",\"urlTemplate\":\"https:\\\/\\\/maboxnatation.fr\\\/?s={search_term_string}\"},\"query-input\":{\"@type\":\"PropertyValueSpecification\",\"valueRequired\":true,\"valueName\":\"search_term_string\"}}],\"inLanguage\":\"fr-FR\"},{\"@type\":\"Organization\",\"@id\":\"https:\\\/\\\/maboxnatation.fr\\\/#organization\",\"name\":\"ma box natation\",\"url\":\"https:\\\/\\\/maboxnatation.fr\\\/\",\"logo\":{\"@type\":\"ImageObject\",\"inLanguage\":\"fr-FR\",\"@id\":\"https:\\\/\\\/maboxnatation.fr\\\/#\\\/schema\\\/logo\\\/image\\\/\",\"url\":\"https:\\\/\\\/maboxnatation.fr\\\/wp-content\\\/uploads\\\/2021\\\/11\\\/Design-sans-titre-3.png\",\"contentUrl\":\"https:\\\/\\\/maboxnatation.fr\\\/wp-content\\\/uploads\\\/2021\\\/11\\\/Design-sans-titre-3.png\",\"width\":1000,\"height\":1000,\"caption\":\"ma box natation\"},\"image\":{\"@id\":\"https:\\\/\\\/maboxnatation.fr\\\/#\\\/schema\\\/logo\\\/image\\\/\"}}]}<\/script>\n<!-- \/ Yoast SEO plugin. -->","yoast_head_json":{"title":"Ma box natation sp\u00e9ciale \"Eau libre\" - Ma box natation","description":"Ma box natation sp\u00e9ciale eau libre contient une bou\u00e9e de s\u00e9curit\u00e9 pour pouvoir nager en toute s\u00e9curit\u00e9 en milieu naturel.","robots":{"index":"index","follow":"follow","max-snippet":"max-snippet:-1","max-image-preview":"max-image-preview:large","max-video-preview":"max-video-preview:-1"},"canonical":"https:\/\/maboxnatation.fr\/index.php\/produit\/ma-box-natation-speciale-eau-libre\/","og_locale":"fr_FR","og_type":"article","og_title":"Ma box natation sp\u00e9ciale \"Eau libre\" - Ma box natation","og_description":"Ma box natation sp\u00e9ciale eau libre contient une bou\u00e9e de s\u00e9curit\u00e9 pour pouvoir nager en toute s\u00e9curit\u00e9 en milieu naturel.","og_url":"https:\/\/maboxnatation.fr\/index.php\/produit\/ma-box-natation-speciale-eau-libre\/","og_site_name":"Ma box natation","article_modified_time":"2025-01-02T21:17:12+00:00","og_image":[{"width":800,"height":800,"url":"https:\/\/maboxnatation.fr\/wp-content\/uploads\/2022\/04\/Bouee-avec-basket-axel_reymond.jpg","type":"image\/jpeg"}],"twitter_card":"summary_large_image","twitter_misc":{"Dur\u00e9e de lecture estim\u00e9e":"3 minutes"},"schema":{"@context":"https:\/\/schema.org","@graph":[{"@type":"WebPage","@id":"https:\/\/maboxnatation.fr\/index.php\/produit\/ma-box-natation-speciale-eau-libre\/","url":"https:\/\/maboxnatation.fr\/index.php\/produit\/ma-box-natation-speciale-eau-libre\/","name":"Ma box natation sp\u00e9ciale \"Eau libre\" - Ma box natation","isPartOf":{"@id":"https:\/\/maboxnatation.fr\/#website"},"primaryImageOfPage":{"@id":"https:\/\/maboxnatation.fr\/index.php\/produit\/ma-box-natation-speciale-eau-libre\/#primaryimage"},"image":{"@id":"https:\/\/maboxnatation.fr\/index.php\/produit\/ma-box-natation-speciale-eau-libre\/#primaryimage"},"thumbnailUrl":"https:\/\/i0.wp.com\/maboxnatation.fr\/wp-content\/uploads\/2022\/04\/Bouee-avec-basket-axel_reymond.jpg?fit=800%2C800&ssl=1","datePublished":"2022-04-24T08:14:25+00:00","dateModified":"2025-01-02T21:17:12+00:00","description":"Ma box natation sp\u00e9ciale eau libre contient une bou\u00e9e de s\u00e9curit\u00e9 pour pouvoir nager en toute s\u00e9curit\u00e9 en milieu naturel.","breadcrumb":{"@id":"https:\/\/maboxnatation.fr\/index.php\/produit\/ma-box-natation-speciale-eau-libre\/#breadcrumb"},"inLanguage":"fr-FR","potentialAction":[{"@type":"ReadAction","target":["https:\/\/maboxnatation.fr\/index.php\/produit\/ma-box-natation-speciale-eau-libre\/"]}]},{"@type":"ImageObject","inLanguage":"fr-FR","@id":"https:\/\/maboxnatation.fr\/index.php\/produit\/ma-box-natation-speciale-eau-libre\/#primaryimage","url":"https:\/\/i0.wp.com\/maboxnatation.fr\/wp-content\/uploads\/2022\/04\/Bouee-avec-basket-axel_reymond.jpg?fit=800%2C800&ssl=1","contentUrl":"https:\/\/i0.wp.com\/maboxnatation.fr\/wp-content\/uploads\/2022\/04\/Bouee-avec-basket-axel_reymond.jpg?fit=800%2C800&ssl=1","width":800,"height":800,"caption":"bou\u00e9e de s\u00e9curit\u00e9 Axel Reymond"},{"@type":"BreadcrumbList","@id":"https:\/\/maboxnatation.fr\/index.php\/produit\/ma-box-natation-speciale-eau-libre\/#breadcrumb","itemListElement":[{"@type":"ListItem","position":1,"name":"Accueil","item":"https:\/\/maboxnatation.fr\/"},{"@type":"ListItem","position":2,"name":"Boutique","item":"https:\/\/maboxnatation.fr\/index.php\/boutique\/"},{"@type":"ListItem","position":3,"name":"Ma box natation sp\u00e9ciale \u00ab\u00a0Eau libre\u00a0\u00bb"}]},{"@type":"WebSite","@id":"https:\/\/maboxnatation.fr\/#website","url":"https:\/\/maboxnatation.fr\/","name":"Ma box natation","description":"L&#039;essentiel pour la natation","publisher":{"@id":"https:\/\/maboxnatation.fr\/#organization"},"potentialAction":[{"@type":"SearchAction","target":{"@type":"EntryPoint","urlTemplate":"https:\/\/maboxnatation.fr\/?s={search_term_string}"},"query-input":{"@type":"PropertyValueSpecification","valueRequired":true,"valueName":"search_term_string"}}],"inLanguage":"fr-FR"},{"@type":"Organization","@id":"https:\/\/maboxnatation.fr\/#organization","name":"ma box natation","url":"https:\/\/maboxnatation.fr\/","logo":{"@type":"ImageObject","inLanguage":"fr-FR","@id":"https:\/\/maboxnatation.fr\/#\/schema\/logo\/image\/","url":"https:\/\/maboxnatation.fr\/wp-content\/uploads\/2021\/11\/Design-sans-titre-3.png","contentUrl":"https:\/\/maboxnatation.fr\/wp-content\/uploads\/2021\/11\/Design-sans-titre-3.png","width":1000,"height":1000,"caption":"ma box natation"},"image":{"@id":"https:\/\/maboxnatation.fr\/#\/schema\/logo\/image\/"}}]}},"jetpack_sharing_enabled":true,"_links":{"self":[{"href":"https:\/\/maboxnatation.fr\/index.php\/wp-json\/wp\/v2\/product\/136","targetHints":{"allow":["GET"]}}],"collection":[{"href":"https:\/\/maboxnatation.fr\/index.php\/wp-json\/wp\/v2\/product"}],"about":[{"href":"https:\/\/maboxnatation.fr\/index.php\/wp-json\/wp\/v2\/types\/product"}],"replies":[{"embeddable":true,"href":"https:\/\/maboxnatation.fr\/index.php\/wp-json\/wp\/v2\/comments?post=136"}],"wp:featuredmedia":[{"embeddable":true,"href":"https:\/\/maboxnatation.fr\/index.php\/wp-json\/wp\/v2\/media\/143"}],"wp:attachment":[{"href":"https:\/\/maboxnatation.fr\/index.php\/wp-json\/wp\/v2\/media?parent=136"}],"wp:term":[{"taxonomy":"product_brand","embeddable":true,"href":"https:\/\/maboxnatation.fr\/index.php\/wp-json\/wp\/v2\/product_brand?post=136"},{"taxonomy":"product_cat","embeddable":true,"href":"https:\/\/maboxnatation.fr\/index.php\/wp-json\/wp\/v2\/product_cat?post=136"},{"taxonomy":"product_tag","embeddable":true,"href":"https:\/\/maboxnatation.fr\/index.php\/wp-json\/wp\/v2\/product_tag?post=136"}],"curies":[{"name":"wp","href":"https:\/\/api.w.org\/{rel}","templated":true}]}}