{"id":28,"date":"2021-11-24T06:53:47","date_gmt":"2021-11-24T05:53:47","guid":{"rendered":"http:\/\/maboxnatation.fr\/?post_type=product&#038;p=28"},"modified":"2025-01-02T23:33:17","modified_gmt":"2025-01-02T22:33:17","slug":"abonnement-une-box-par-an","status":"publish","type":"product","link":"https:\/\/maboxnatation.fr\/index.php\/produit\/abonnement-une-box-par-an\/","title":{"rendered":"Abonnement sans engagement"},"content":{"rendered":"<h3><strong>Pr\u00e9sentation de l&rsquo;abonnement une box:<\/strong><\/h3>\n<p>Cet abonnement est con\u00e7u pour acheter une box par an. Vous pouvez aussi prendre cet abonnement sans engagement une box par an pour vous et recevoir une seule fois. Vous pouvez la commander et l&rsquo;offrir \u00e0 une personne de votre entourage. Il suffit de mentionner le nom de la personne \u00e0 qui vous voulez l&rsquo;offrir lors de la commande, je lui enverrai selon vos instructions. Cette box est sans abonnement, vous pouvez en acheter plusieurs dans l&rsquo;ann\u00e9e.<\/p>\n<p>Vous n&rsquo;avez pas le temps de courir les magasins pour acheter votre \u00e9quipement. Les produits ou les conseils que vous avez dans les boutiques ne vous conviennent pas car les vendeurs ne sont pas expert en natation. Cette box est faite pour vous.<\/p>\n<p>Dans cette box il y aura trois produits destin\u00e9s \u00e0 votre entrainement de natation .<\/p>\n<p>Vous trouverez toujours un accessoire pour l&rsquo;entrainement tel qu&rsquo;<a href=\"https:\/\/maboxnatation.fr\/index.php\/produit\/bonnet-de-natation\/\">un bonnet<\/a> ou une <a href=\"https:\/\/www.tyr.eu\/fr\/black-hawk-racing-mirrored-adult-goggles.html?selectedp=337583&amp;selectedc=6953&amp;selecteds=color&amp;preselect=6953\">paire de lunettes<\/a>.<\/p>\n<p>Il y aura aussi des produits concernant la nutrition et l&rsquo;hydratation du nageur comme des barres \u00e9nerg\u00e9tiques ou des boissons hydratantes.<\/p>\n<p>Un textile adapt\u00e9 \u00e0 la pratique de la natation, une serviette, un tee shirt. Mais \u00e9galement des accessoires en liens avec la natation comme <a href=\"https:\/\/lamaitresseenmaillotdebain.fr\/produit\/tote-bag-hello-annees-20\/\">des tote bags<\/a>.<\/p>\n<p>Un service \u00e0 la personne comme des cours particuliers ou collectif en pr\u00e9paration physique g\u00e9n\u00e9ralis\u00e9e. Il est aussi important de faire du renforcement musculaire pour progresser en natation.<\/p>\n<p>Un contenant comme une gourde ou un mug pour s&rsquo;hydrater.<\/p>\n<p><strong>Qualit\u00e9 des produits:<\/strong><\/p>\n<p>Tous les produits ont \u00e9t\u00e9s s\u00e9lectionn\u00e9s aupr\u00e8s d&rsquo;entreprises fran\u00e7aises que je connais et avec qui je travaille depuis des ann\u00e9es en tant que nageuse, maitre nageuse pour les collectivit\u00e9s et entra\u00eeneur pour les clubs o\u00f9 j&rsquo;ai travaill\u00e9.<\/p>\n<p>Certaines de ces entreprises ont \u00e9t\u00e9 cr\u00e9es par des anciens nageurs de haut niveau faisant partis de l&rsquo;\u00e9quipe de France de natation.<\/p>\n<p>Ces produits sont con\u00e7us et utilis\u00e9s par des nageurs et nageuses qui ont brill\u00e9s lors des comp\u00e9titions internationales.<\/p>\n<p>N&rsquo;h\u00e9sitez pas et plongez dans l&rsquo;univers de cette box.<\/p>\n","protected":false},"excerpt":{"rendered":"<p>Pr\u00e9sentation de l&rsquo;abonnement une box: Cet abonnement est con\u00e7u pour acheter une box par an. Vous pouvez aussi prendre cet abonnement sans engagement une box par an pour vous et recevoir une seule fois. Vous pouvez la commander et l&rsquo;offrir \u00e0 une personne de votre entourage. Il suffit de mentionner le nom de la personne &hellip; <\/p>\n<p class=\"link-more\"><a href=\"https:\/\/maboxnatation.fr\/index.php\/produit\/abonnement-une-box-par-an\/\" class=\"more-link\">Continuer la lecture<span class=\"screen-reader-text\"> de &laquo;&nbsp;Abonnement sans engagement&nbsp;&raquo;<\/span><\/a><\/p>\n","protected":false},"featured_media":262,"comment_status":"open","ping_status":"closed","template":"","meta":[],"product_brand":[],"product_cat":[15],"product_tag":[18,38,49,19,60,58,59,17,61,63,62],"class_list":{"0":"post-28","1":"product","2":"type-product","3":"status-publish","4":"has-post-thumbnail","6":"product_cat-non-classe","7":"product_tag-box","8":"product_tag-box-natation","9":"product_tag-eau-libre","10":"product_tag-entrainement","11":"product_tag-nager","12":"product_tag-nageur","13":"product_tag-nageuse","14":"product_tag-natation","15":"product_tag-natation-artistique","16":"product_tag-plongeon","17":"product_tag-water-polo","19":"first","20":"instock","21":"shipping-taxable","22":"purchasable","23":"product-type-simple"},"yoast_head":"<!-- This site is optimized with the Yoast SEO plugin v27.4 - https:\/\/yoast.com\/product\/yoast-seo-wordpress\/ -->\n<title>Abonnement sans engagement - Ma box natation<\/title>\n<meta name=\"description\" content=\"Abonnement une box par an. Vous n&#039;avez pas le temps de courir dans les magasins pour vous \u00e9quiper cette box est faite pour vous.\" \/>\n<meta name=\"robots\" content=\"index, follow, max-snippet:-1, max-image-preview:large, max-video-preview:-1\" \/>\n<link rel=\"canonical\" href=\"https:\/\/maboxnatation.fr\/index.php\/produit\/abonnement-une-box-par-an\/\" \/>\n<meta property=\"og:locale\" content=\"fr_FR\" \/>\n<meta property=\"og:type\" content=\"article\" \/>\n<meta property=\"og:title\" content=\"Abonnement sans engagement - Ma box natation\" \/>\n<meta property=\"og:description\" content=\"Abonnement une box par an. Vous n&#039;avez pas le temps de courir dans les magasins pour vous \u00e9quiper cette box est faite pour vous.\" \/>\n<meta property=\"og:url\" content=\"https:\/\/maboxnatation.fr\/index.php\/produit\/abonnement-une-box-par-an\/\" \/>\n<meta property=\"og:site_name\" content=\"Ma box natation\" \/>\n<meta property=\"article:modified_time\" content=\"2025-01-02T22:33:17+00:00\" \/>\n<meta property=\"og:image\" content=\"https:\/\/maboxnatation.fr\/wp-content\/uploads\/2021\/11\/Design-sans-titre-3.png\" \/>\n\t<meta property=\"og:image:width\" content=\"1000\" \/>\n\t<meta property=\"og:image:height\" content=\"1000\" \/>\n\t<meta property=\"og:image:type\" content=\"image\/png\" \/>\n<meta name=\"twitter:card\" content=\"summary_large_image\" \/>\n<meta name=\"twitter:label1\" content=\"Dur\u00e9e de lecture estim\u00e9e\" \/>\n\t<meta name=\"twitter:data1\" content=\"2 minutes\" \/>\n<script type=\"application\/ld+json\" class=\"yoast-schema-graph\">{\"@context\":\"https:\\\/\\\/schema.org\",\"@graph\":[{\"@type\":\"WebPage\",\"@id\":\"https:\\\/\\\/maboxnatation.fr\\\/index.php\\\/produit\\\/abonnement-une-box-par-an\\\/\",\"url\":\"https:\\\/\\\/maboxnatation.fr\\\/index.php\\\/produit\\\/abonnement-une-box-par-an\\\/\",\"name\":\"Abonnement sans engagement - Ma box natation\",\"isPartOf\":{\"@id\":\"https:\\\/\\\/maboxnatation.fr\\\/#website\"},\"primaryImageOfPage\":{\"@id\":\"https:\\\/\\\/maboxnatation.fr\\\/index.php\\\/produit\\\/abonnement-une-box-par-an\\\/#primaryimage\"},\"image\":{\"@id\":\"https:\\\/\\\/maboxnatation.fr\\\/index.php\\\/produit\\\/abonnement-une-box-par-an\\\/#primaryimage\"},\"thumbnailUrl\":\"https:\\\/\\\/i0.wp.com\\\/maboxnatation.fr\\\/wp-content\\\/uploads\\\/2021\\\/11\\\/Design-sans-titre-3.png?fit=1000%2C1000&ssl=1\",\"datePublished\":\"2021-11-24T05:53:47+00:00\",\"dateModified\":\"2025-01-02T22:33:17+00:00\",\"description\":\"Abonnement une box par an. Vous n'avez pas le temps de courir dans les magasins pour vous \u00e9quiper cette box est faite pour vous.\",\"breadcrumb\":{\"@id\":\"https:\\\/\\\/maboxnatation.fr\\\/index.php\\\/produit\\\/abonnement-une-box-par-an\\\/#breadcrumb\"},\"inLanguage\":\"fr-FR\",\"potentialAction\":[{\"@type\":\"ReadAction\",\"target\":[\"https:\\\/\\\/maboxnatation.fr\\\/index.php\\\/produit\\\/abonnement-une-box-par-an\\\/\"]}]},{\"@type\":\"ImageObject\",\"inLanguage\":\"fr-FR\",\"@id\":\"https:\\\/\\\/maboxnatation.fr\\\/index.php\\\/produit\\\/abonnement-une-box-par-an\\\/#primaryimage\",\"url\":\"https:\\\/\\\/i0.wp.com\\\/maboxnatation.fr\\\/wp-content\\\/uploads\\\/2021\\\/11\\\/Design-sans-titre-3.png?fit=1000%2C1000&ssl=1\",\"contentUrl\":\"https:\\\/\\\/i0.wp.com\\\/maboxnatation.fr\\\/wp-content\\\/uploads\\\/2021\\\/11\\\/Design-sans-titre-3.png?fit=1000%2C1000&ssl=1\",\"width\":1000,\"height\":1000,\"caption\":\"Logo ma box natation\"},{\"@type\":\"BreadcrumbList\",\"@id\":\"https:\\\/\\\/maboxnatation.fr\\\/index.php\\\/produit\\\/abonnement-une-box-par-an\\\/#breadcrumb\",\"itemListElement\":[{\"@type\":\"ListItem\",\"position\":1,\"name\":\"Accueil\",\"item\":\"https:\\\/\\\/maboxnatation.fr\\\/\"},{\"@type\":\"ListItem\",\"position\":2,\"name\":\"Boutique\",\"item\":\"https:\\\/\\\/maboxnatation.fr\\\/index.php\\\/boutique\\\/\"},{\"@type\":\"ListItem\",\"position\":3,\"name\":\"Abonnement sans engagement\"}]},{\"@type\":\"WebSite\",\"@id\":\"https:\\\/\\\/maboxnatation.fr\\\/#website\",\"url\":\"https:\\\/\\\/maboxnatation.fr\\\/\",\"name\":\"Ma box natation\",\"description\":\"L&#039;essentiel pour la natation\",\"publisher\":{\"@id\":\"https:\\\/\\\/maboxnatation.fr\\\/#organization\"},\"potentialAction\":[{\"@type\":\"SearchAction\",\"target\":{\"@type\":\"EntryPoint\",\"urlTemplate\":\"https:\\\/\\\/maboxnatation.fr\\\/?s={search_term_string}\"},\"query-input\":{\"@type\":\"PropertyValueSpecification\",\"valueRequired\":true,\"valueName\":\"search_term_string\"}}],\"inLanguage\":\"fr-FR\"},{\"@type\":\"Organization\",\"@id\":\"https:\\\/\\\/maboxnatation.fr\\\/#organization\",\"name\":\"ma box natation\",\"url\":\"https:\\\/\\\/maboxnatation.fr\\\/\",\"logo\":{\"@type\":\"ImageObject\",\"inLanguage\":\"fr-FR\",\"@id\":\"https:\\\/\\\/maboxnatation.fr\\\/#\\\/schema\\\/logo\\\/image\\\/\",\"url\":\"https:\\\/\\\/maboxnatation.fr\\\/wp-content\\\/uploads\\\/2021\\\/11\\\/Design-sans-titre-3.png\",\"contentUrl\":\"https:\\\/\\\/maboxnatation.fr\\\/wp-content\\\/uploads\\\/2021\\\/11\\\/Design-sans-titre-3.png\",\"width\":1000,\"height\":1000,\"caption\":\"ma box natation\"},\"image\":{\"@id\":\"https:\\\/\\\/maboxnatation.fr\\\/#\\\/schema\\\/logo\\\/image\\\/\"}}]}<\/script>\n<!-- \/ Yoast SEO plugin. -->","yoast_head_json":{"title":"Abonnement sans engagement - Ma box natation","description":"Abonnement une box par an. Vous n'avez pas le temps de courir dans les magasins pour vous \u00e9quiper cette box est faite pour vous.","robots":{"index":"index","follow":"follow","max-snippet":"max-snippet:-1","max-image-preview":"max-image-preview:large","max-video-preview":"max-video-preview:-1"},"canonical":"https:\/\/maboxnatation.fr\/index.php\/produit\/abonnement-une-box-par-an\/","og_locale":"fr_FR","og_type":"article","og_title":"Abonnement sans engagement - Ma box natation","og_description":"Abonnement une box par an. Vous n'avez pas le temps de courir dans les magasins pour vous \u00e9quiper cette box est faite pour vous.","og_url":"https:\/\/maboxnatation.fr\/index.php\/produit\/abonnement-une-box-par-an\/","og_site_name":"Ma box natation","article_modified_time":"2025-01-02T22:33:17+00:00","og_image":[{"width":1000,"height":1000,"url":"https:\/\/maboxnatation.fr\/wp-content\/uploads\/2021\/11\/Design-sans-titre-3.png","type":"image\/png"}],"twitter_card":"summary_large_image","twitter_misc":{"Dur\u00e9e de lecture estim\u00e9e":"2 minutes"},"schema":{"@context":"https:\/\/schema.org","@graph":[{"@type":"WebPage","@id":"https:\/\/maboxnatation.fr\/index.php\/produit\/abonnement-une-box-par-an\/","url":"https:\/\/maboxnatation.fr\/index.php\/produit\/abonnement-une-box-par-an\/","name":"Abonnement sans engagement - Ma box natation","isPartOf":{"@id":"https:\/\/maboxnatation.fr\/#website"},"primaryImageOfPage":{"@id":"https:\/\/maboxnatation.fr\/index.php\/produit\/abonnement-une-box-par-an\/#primaryimage"},"image":{"@id":"https:\/\/maboxnatation.fr\/index.php\/produit\/abonnement-une-box-par-an\/#primaryimage"},"thumbnailUrl":"https:\/\/i0.wp.com\/maboxnatation.fr\/wp-content\/uploads\/2021\/11\/Design-sans-titre-3.png?fit=1000%2C1000&ssl=1","datePublished":"2021-11-24T05:53:47+00:00","dateModified":"2025-01-02T22:33:17+00:00","description":"Abonnement une box par an. Vous n'avez pas le temps de courir dans les magasins pour vous \u00e9quiper cette box est faite pour vous.","breadcrumb":{"@id":"https:\/\/maboxnatation.fr\/index.php\/produit\/abonnement-une-box-par-an\/#breadcrumb"},"inLanguage":"fr-FR","potentialAction":[{"@type":"ReadAction","target":["https:\/\/maboxnatation.fr\/index.php\/produit\/abonnement-une-box-par-an\/"]}]},{"@type":"ImageObject","inLanguage":"fr-FR","@id":"https:\/\/maboxnatation.fr\/index.php\/produit\/abonnement-une-box-par-an\/#primaryimage","url":"https:\/\/i0.wp.com\/maboxnatation.fr\/wp-content\/uploads\/2021\/11\/Design-sans-titre-3.png?fit=1000%2C1000&ssl=1","contentUrl":"https:\/\/i0.wp.com\/maboxnatation.fr\/wp-content\/uploads\/2021\/11\/Design-sans-titre-3.png?fit=1000%2C1000&ssl=1","width":1000,"height":1000,"caption":"Logo ma box natation"},{"@type":"BreadcrumbList","@id":"https:\/\/maboxnatation.fr\/index.php\/produit\/abonnement-une-box-par-an\/#breadcrumb","itemListElement":[{"@type":"ListItem","position":1,"name":"Accueil","item":"https:\/\/maboxnatation.fr\/"},{"@type":"ListItem","position":2,"name":"Boutique","item":"https:\/\/maboxnatation.fr\/index.php\/boutique\/"},{"@type":"ListItem","position":3,"name":"Abonnement sans engagement"}]},{"@type":"WebSite","@id":"https:\/\/maboxnatation.fr\/#website","url":"https:\/\/maboxnatation.fr\/","name":"Ma box natation","description":"L&#039;essentiel pour la natation","publisher":{"@id":"https:\/\/maboxnatation.fr\/#organization"},"potentialAction":[{"@type":"SearchAction","target":{"@type":"EntryPoint","urlTemplate":"https:\/\/maboxnatation.fr\/?s={search_term_string}"},"query-input":{"@type":"PropertyValueSpecification","valueRequired":true,"valueName":"search_term_string"}}],"inLanguage":"fr-FR"},{"@type":"Organization","@id":"https:\/\/maboxnatation.fr\/#organization","name":"ma box natation","url":"https:\/\/maboxnatation.fr\/","logo":{"@type":"ImageObject","inLanguage":"fr-FR","@id":"https:\/\/maboxnatation.fr\/#\/schema\/logo\/image\/","url":"https:\/\/maboxnatation.fr\/wp-content\/uploads\/2021\/11\/Design-sans-titre-3.png","contentUrl":"https:\/\/maboxnatation.fr\/wp-content\/uploads\/2021\/11\/Design-sans-titre-3.png","width":1000,"height":1000,"caption":"ma box natation"},"image":{"@id":"https:\/\/maboxnatation.fr\/#\/schema\/logo\/image\/"}}]}},"jetpack_sharing_enabled":true,"_links":{"self":[{"href":"https:\/\/maboxnatation.fr\/index.php\/wp-json\/wp\/v2\/product\/28","targetHints":{"allow":["GET"]}}],"collection":[{"href":"https:\/\/maboxnatation.fr\/index.php\/wp-json\/wp\/v2\/product"}],"about":[{"href":"https:\/\/maboxnatation.fr\/index.php\/wp-json\/wp\/v2\/types\/product"}],"replies":[{"embeddable":true,"href":"https:\/\/maboxnatation.fr\/index.php\/wp-json\/wp\/v2\/comments?post=28"}],"wp:featuredmedia":[{"embeddable":true,"href":"https:\/\/maboxnatation.fr\/index.php\/wp-json\/wp\/v2\/media\/262"}],"wp:attachment":[{"href":"https:\/\/maboxnatation.fr\/index.php\/wp-json\/wp\/v2\/media?parent=28"}],"wp:term":[{"taxonomy":"product_brand","embeddable":true,"href":"https:\/\/maboxnatation.fr\/index.php\/wp-json\/wp\/v2\/product_brand?post=28"},{"taxonomy":"product_cat","embeddable":true,"href":"https:\/\/maboxnatation.fr\/index.php\/wp-json\/wp\/v2\/product_cat?post=28"},{"taxonomy":"product_tag","embeddable":true,"href":"https:\/\/maboxnatation.fr\/index.php\/wp-json\/wp\/v2\/product_tag?post=28"}],"curies":[{"name":"wp","href":"https:\/\/api.w.org\/{rel}","templated":true}]}}