{"id":75,"date":"2022-02-26T14:46:55","date_gmt":"2022-02-26T13:46:55","guid":{"rendered":"https:\/\/maboxnatation.fr\/?post_type=product&#038;p=75"},"modified":"2025-06-16T07:30:59","modified_gmt":"2025-06-16T05:30:59","slug":"box-natation-enfant","status":"publish","type":"product","link":"https:\/\/maboxnatation.fr\/index.php\/produit\/box-natation-enfant\/","title":{"rendered":"Box natation enfant"},"content":{"rendered":"<p>Je suis maitre nageur et entraineur de natation depuis plus de 25 ans. Tous les jours je travaille aupr\u00e8s d&rsquo;enfants que ce soit dans le cadre de la natation scolaire ou en club. J&rsquo;ai pu remarquer, tout au long de ma carri\u00e8re, que la\u00a0 qualit\u00e9 des lunettes de natation qui sont en vente dans les magasins sont de mauvaise qualit\u00e9.\u00a0 Pour rem\u00e9dier \u00e0 cela je vous\u00a0 propose la box natation enfant.<\/p>\n<p>Dans la box natation enfant vous trouverez\u00a0 tout l&rsquo;\u00e9quipement n\u00e9cessaire pour les cours de natation de vos enfants: une paire de lunettes adapt\u00e9es \u00e0 tous les enfants, un bonnet de natation et des surprises. <strong>Attention photo non contractuelle.\u00a0 Voici un exemple de lunette de natation.<\/strong><\/p>\n<p><a href=\"https:\/\/i0.wp.com\/maboxnatation.fr\/wp-content\/uploads\/2022\/02\/Lunette-de-natation-enfant.jpg?ssl=1\"><img data-recalc-dims=\"1\" loading=\"lazy\" decoding=\"async\" class=\"aligncenter size-medium wp-image-77\" src=\"https:\/\/i0.wp.com\/maboxnatation.fr\/wp-content\/uploads\/2022\/02\/Lunette-de-natation-enfant-243x300.jpg?resize=243%2C300&#038;ssl=1\" alt=\"lunette de natation enfant\" width=\"243\" height=\"300\" srcset=\"https:\/\/i0.wp.com\/maboxnatation.fr\/wp-content\/uploads\/2022\/02\/Lunette-de-natation-enfant.jpg?resize=243%2C300&amp;ssl=1 243w, https:\/\/i0.wp.com\/maboxnatation.fr\/wp-content\/uploads\/2022\/02\/Lunette-de-natation-enfant.jpg?resize=350%2C432&amp;ssl=1 350w, https:\/\/i0.wp.com\/maboxnatation.fr\/wp-content\/uploads\/2022\/02\/Lunette-de-natation-enfant.jpg?w=480&amp;ssl=1 480w\" sizes=\"auto, (max-width: 243px) 100vw, 243px\" \/><\/a><\/p>\n<p>&nbsp;<\/p>\n<p>Avec un mat\u00e9riel de tr\u00e8s bonne qualit\u00e9 votre enfant aura des bases pour faire de gros progr\u00e8s en natation.<\/p>\n<p>Que votre enfant suivent des cours de natation avec l&rsquo;\u00e9cole ou en club, cette box vous sera utile et fera le bonheur de vos enfants. Mais aussi celui des ma\u00eetre nageurs et des professeurs des \u00e9coles.<\/p>\n<p>Les lunettes de natation que j&rsquo;ai choisi de vous faire d\u00e9couvrir son d&rsquo;une excellente qualit\u00e9, elles ne se cassent pas d\u00e8s la premi\u00e8re utilisation. elles ne sont pas jetables comme la plupart d&rsquo;entre elles que vous trouvez dans le commerce.<\/p>\n<p>Je suis \u00e0 disposition pour en discuter avec vous et vous orienter si vous avez des questions.<\/p>\n<p>Voici une partie de mes fournisseurs pour la box natation enfant<\/p>\n<p><a href=\"https:\/\/www.tyr.eu\/fr\/\">https:\/\/www.tyr.eu\/fr\/<\/a><\/p>\n<p><a href=\"https:\/\/pmr.fr\/\">https:\/\/pmr.fr\/<\/a><\/p>\n<p>Alors si vous aussi en tant que parents vous en avez assez d&rsquo;acheter des lunettes plusieurs fois dans l&rsquo;ann\u00e9e, suivez mon conseil et commander d\u00e8s \u00e0 pr\u00e9sent votre box . vous ne serez pas d\u00e9\u00e7u.<\/p>\n<p>N&rsquo;h\u00e9sitez pas \u00e0 en parler autour de vous.<\/p>\n<p>Linda<\/p>\n<p>&nbsp;<\/p>\n<p>&nbsp;<\/p>\n<p>&nbsp;<\/p>\n<p>&nbsp;<\/p>\n","protected":false},"excerpt":{"rendered":"<p>Je suis maitre nageur et entraineur de natation depuis plus de 25 ans. Tous les jours je travaille aupr\u00e8s d&rsquo;enfants que ce soit dans le cadre de la natation scolaire ou en club. J&rsquo;ai pu remarquer, tout au long de ma carri\u00e8re, que la\u00a0 qualit\u00e9 des lunettes de natation qui sont en vente dans les &hellip; <\/p>\n<p class=\"link-more\"><a href=\"https:\/\/maboxnatation.fr\/index.php\/produit\/box-natation-enfant\/\" class=\"more-link\">Continuer la lecture<span class=\"screen-reader-text\"> de &laquo;&nbsp;Box natation enfant&nbsp;&raquo;<\/span><\/a><\/p>\n","protected":false},"featured_media":117,"comment_status":"open","ping_status":"closed","template":"","meta":[],"product_brand":[],"product_cat":[15],"product_tag":[42,40,38,41,17,47,48],"class_list":{"0":"post-75","1":"product","2":"type-product","3":"status-publish","4":"has-post-thumbnail","6":"product_cat-non-classe","7":"product_tag-bonnet-de-natation","8":"product_tag-box-enfant","9":"product_tag-box-natation","10":"product_tag-lunettes","11":"product_tag-natation","12":"product_tag-natation-enfants","13":"product_tag-natation-scolaire","15":"first","16":"instock","17":"shipping-taxable","18":"purchasable","19":"product-type-variable","20":"has-default-attributes"},"yoast_head":"<!-- This site is optimized with the Yoast SEO plugin v27.4 - https:\/\/yoast.com\/product\/yoast-seo-wordpress\/ -->\n<title>Box natation enfant - Ma box natation<\/title>\n<meta name=\"description\" content=\"Box natation enfant, l&#039;essentiel de la natation. Cette box sera parfaite pour les cours de natation de vos enfants en club ou avec l&#039;\u00e9cole.\" \/>\n<meta name=\"robots\" content=\"index, follow, max-snippet:-1, max-image-preview:large, max-video-preview:-1\" \/>\n<link rel=\"canonical\" href=\"https:\/\/maboxnatation.fr\/index.php\/produit\/box-natation-enfant\/\" \/>\n<meta property=\"og:locale\" content=\"fr_FR\" \/>\n<meta property=\"og:type\" content=\"article\" \/>\n<meta property=\"og:title\" content=\"Box natation enfant - Ma box natation\" \/>\n<meta property=\"og:description\" content=\"Box natation enfant, l&#039;essentiel de la natation. Cette box sera parfaite pour les cours de natation de vos enfants en club ou avec l&#039;\u00e9cole.\" \/>\n<meta property=\"og:url\" content=\"https:\/\/maboxnatation.fr\/index.php\/produit\/box-natation-enfant\/\" \/>\n<meta property=\"og:site_name\" content=\"Ma box natation\" \/>\n<meta property=\"article:modified_time\" content=\"2025-06-16T05:30:59+00:00\" \/>\n<meta property=\"og:image\" content=\"https:\/\/i0.wp.com\/maboxnatation.fr\/wp-content\/uploads\/2022\/02\/Ma-box-natation.jpeg.jpg?fit=1755%2C1241&ssl=1\" \/>\n\t<meta property=\"og:image:width\" content=\"1755\" \/>\n\t<meta property=\"og:image:height\" content=\"1241\" \/>\n\t<meta property=\"og:image:type\" content=\"image\/jpeg\" \/>\n<meta name=\"twitter:card\" content=\"summary_large_image\" \/>\n<meta name=\"twitter:label1\" content=\"Dur\u00e9e de lecture estim\u00e9e\" \/>\n\t<meta name=\"twitter:data1\" content=\"2 minutes\" \/>\n<script type=\"application\/ld+json\" class=\"yoast-schema-graph\">{\"@context\":\"https:\\\/\\\/schema.org\",\"@graph\":[{\"@type\":\"WebPage\",\"@id\":\"https:\\\/\\\/maboxnatation.fr\\\/index.php\\\/produit\\\/box-natation-enfant\\\/\",\"url\":\"https:\\\/\\\/maboxnatation.fr\\\/index.php\\\/produit\\\/box-natation-enfant\\\/\",\"name\":\"Box natation enfant - Ma box natation\",\"isPartOf\":{\"@id\":\"https:\\\/\\\/maboxnatation.fr\\\/#website\"},\"primaryImageOfPage\":{\"@id\":\"https:\\\/\\\/maboxnatation.fr\\\/index.php\\\/produit\\\/box-natation-enfant\\\/#primaryimage\"},\"image\":{\"@id\":\"https:\\\/\\\/maboxnatation.fr\\\/index.php\\\/produit\\\/box-natation-enfant\\\/#primaryimage\"},\"thumbnailUrl\":\"https:\\\/\\\/i0.wp.com\\\/maboxnatation.fr\\\/wp-content\\\/uploads\\\/2022\\\/02\\\/Ma-box-natation.jpeg.jpg?fit=1755%2C1241&ssl=1\",\"datePublished\":\"2022-02-26T13:46:55+00:00\",\"dateModified\":\"2025-06-16T05:30:59+00:00\",\"description\":\"Box natation enfant, l'essentiel de la natation. Cette box sera parfaite pour les cours de natation de vos enfants en club ou avec l'\u00e9cole.\",\"breadcrumb\":{\"@id\":\"https:\\\/\\\/maboxnatation.fr\\\/index.php\\\/produit\\\/box-natation-enfant\\\/#breadcrumb\"},\"inLanguage\":\"fr-FR\",\"potentialAction\":[{\"@type\":\"ReadAction\",\"target\":[\"https:\\\/\\\/maboxnatation.fr\\\/index.php\\\/produit\\\/box-natation-enfant\\\/\"]}]},{\"@type\":\"ImageObject\",\"inLanguage\":\"fr-FR\",\"@id\":\"https:\\\/\\\/maboxnatation.fr\\\/index.php\\\/produit\\\/box-natation-enfant\\\/#primaryimage\",\"url\":\"https:\\\/\\\/i0.wp.com\\\/maboxnatation.fr\\\/wp-content\\\/uploads\\\/2022\\\/02\\\/Ma-box-natation.jpeg.jpg?fit=1755%2C1241&ssl=1\",\"contentUrl\":\"https:\\\/\\\/i0.wp.com\\\/maboxnatation.fr\\\/wp-content\\\/uploads\\\/2022\\\/02\\\/Ma-box-natation.jpeg.jpg?fit=1755%2C1241&ssl=1\",\"width\":1755,\"height\":1241,\"caption\":\"ma box natation enfants\"},{\"@type\":\"BreadcrumbList\",\"@id\":\"https:\\\/\\\/maboxnatation.fr\\\/index.php\\\/produit\\\/box-natation-enfant\\\/#breadcrumb\",\"itemListElement\":[{\"@type\":\"ListItem\",\"position\":1,\"name\":\"Accueil\",\"item\":\"https:\\\/\\\/maboxnatation.fr\\\/\"},{\"@type\":\"ListItem\",\"position\":2,\"name\":\"Boutique\",\"item\":\"https:\\\/\\\/maboxnatation.fr\\\/index.php\\\/boutique\\\/\"},{\"@type\":\"ListItem\",\"position\":3,\"name\":\"Box natation enfant\"}]},{\"@type\":\"WebSite\",\"@id\":\"https:\\\/\\\/maboxnatation.fr\\\/#website\",\"url\":\"https:\\\/\\\/maboxnatation.fr\\\/\",\"name\":\"Ma box natation\",\"description\":\"L&#039;essentiel pour la natation\",\"publisher\":{\"@id\":\"https:\\\/\\\/maboxnatation.fr\\\/#organization\"},\"potentialAction\":[{\"@type\":\"SearchAction\",\"target\":{\"@type\":\"EntryPoint\",\"urlTemplate\":\"https:\\\/\\\/maboxnatation.fr\\\/?s={search_term_string}\"},\"query-input\":{\"@type\":\"PropertyValueSpecification\",\"valueRequired\":true,\"valueName\":\"search_term_string\"}}],\"inLanguage\":\"fr-FR\"},{\"@type\":\"Organization\",\"@id\":\"https:\\\/\\\/maboxnatation.fr\\\/#organization\",\"name\":\"ma box natation\",\"url\":\"https:\\\/\\\/maboxnatation.fr\\\/\",\"logo\":{\"@type\":\"ImageObject\",\"inLanguage\":\"fr-FR\",\"@id\":\"https:\\\/\\\/maboxnatation.fr\\\/#\\\/schema\\\/logo\\\/image\\\/\",\"url\":\"https:\\\/\\\/maboxnatation.fr\\\/wp-content\\\/uploads\\\/2021\\\/11\\\/Design-sans-titre-3.png\",\"contentUrl\":\"https:\\\/\\\/maboxnatation.fr\\\/wp-content\\\/uploads\\\/2021\\\/11\\\/Design-sans-titre-3.png\",\"width\":1000,\"height\":1000,\"caption\":\"ma box natation\"},\"image\":{\"@id\":\"https:\\\/\\\/maboxnatation.fr\\\/#\\\/schema\\\/logo\\\/image\\\/\"}}]}<\/script>\n<!-- \/ Yoast SEO plugin. -->","yoast_head_json":{"title":"Box natation enfant - Ma box natation","description":"Box natation enfant, l'essentiel de la natation. Cette box sera parfaite pour les cours de natation de vos enfants en club ou avec l'\u00e9cole.","robots":{"index":"index","follow":"follow","max-snippet":"max-snippet:-1","max-image-preview":"max-image-preview:large","max-video-preview":"max-video-preview:-1"},"canonical":"https:\/\/maboxnatation.fr\/index.php\/produit\/box-natation-enfant\/","og_locale":"fr_FR","og_type":"article","og_title":"Box natation enfant - Ma box natation","og_description":"Box natation enfant, l'essentiel de la natation. Cette box sera parfaite pour les cours de natation de vos enfants en club ou avec l'\u00e9cole.","og_url":"https:\/\/maboxnatation.fr\/index.php\/produit\/box-natation-enfant\/","og_site_name":"Ma box natation","article_modified_time":"2025-06-16T05:30:59+00:00","og_image":[{"width":1755,"height":1241,"url":"https:\/\/i0.wp.com\/maboxnatation.fr\/wp-content\/uploads\/2022\/02\/Ma-box-natation.jpeg.jpg?fit=1755%2C1241&ssl=1","type":"image\/jpeg"}],"twitter_card":"summary_large_image","twitter_misc":{"Dur\u00e9e de lecture estim\u00e9e":"2 minutes"},"schema":{"@context":"https:\/\/schema.org","@graph":[{"@type":"WebPage","@id":"https:\/\/maboxnatation.fr\/index.php\/produit\/box-natation-enfant\/","url":"https:\/\/maboxnatation.fr\/index.php\/produit\/box-natation-enfant\/","name":"Box natation enfant - Ma box natation","isPartOf":{"@id":"https:\/\/maboxnatation.fr\/#website"},"primaryImageOfPage":{"@id":"https:\/\/maboxnatation.fr\/index.php\/produit\/box-natation-enfant\/#primaryimage"},"image":{"@id":"https:\/\/maboxnatation.fr\/index.php\/produit\/box-natation-enfant\/#primaryimage"},"thumbnailUrl":"https:\/\/i0.wp.com\/maboxnatation.fr\/wp-content\/uploads\/2022\/02\/Ma-box-natation.jpeg.jpg?fit=1755%2C1241&ssl=1","datePublished":"2022-02-26T13:46:55+00:00","dateModified":"2025-06-16T05:30:59+00:00","description":"Box natation enfant, l'essentiel de la natation. Cette box sera parfaite pour les cours de natation de vos enfants en club ou avec l'\u00e9cole.","breadcrumb":{"@id":"https:\/\/maboxnatation.fr\/index.php\/produit\/box-natation-enfant\/#breadcrumb"},"inLanguage":"fr-FR","potentialAction":[{"@type":"ReadAction","target":["https:\/\/maboxnatation.fr\/index.php\/produit\/box-natation-enfant\/"]}]},{"@type":"ImageObject","inLanguage":"fr-FR","@id":"https:\/\/maboxnatation.fr\/index.php\/produit\/box-natation-enfant\/#primaryimage","url":"https:\/\/i0.wp.com\/maboxnatation.fr\/wp-content\/uploads\/2022\/02\/Ma-box-natation.jpeg.jpg?fit=1755%2C1241&ssl=1","contentUrl":"https:\/\/i0.wp.com\/maboxnatation.fr\/wp-content\/uploads\/2022\/02\/Ma-box-natation.jpeg.jpg?fit=1755%2C1241&ssl=1","width":1755,"height":1241,"caption":"ma box natation enfants"},{"@type":"BreadcrumbList","@id":"https:\/\/maboxnatation.fr\/index.php\/produit\/box-natation-enfant\/#breadcrumb","itemListElement":[{"@type":"ListItem","position":1,"name":"Accueil","item":"https:\/\/maboxnatation.fr\/"},{"@type":"ListItem","position":2,"name":"Boutique","item":"https:\/\/maboxnatation.fr\/index.php\/boutique\/"},{"@type":"ListItem","position":3,"name":"Box natation enfant"}]},{"@type":"WebSite","@id":"https:\/\/maboxnatation.fr\/#website","url":"https:\/\/maboxnatation.fr\/","name":"Ma box natation","description":"L&#039;essentiel pour la natation","publisher":{"@id":"https:\/\/maboxnatation.fr\/#organization"},"potentialAction":[{"@type":"SearchAction","target":{"@type":"EntryPoint","urlTemplate":"https:\/\/maboxnatation.fr\/?s={search_term_string}"},"query-input":{"@type":"PropertyValueSpecification","valueRequired":true,"valueName":"search_term_string"}}],"inLanguage":"fr-FR"},{"@type":"Organization","@id":"https:\/\/maboxnatation.fr\/#organization","name":"ma box natation","url":"https:\/\/maboxnatation.fr\/","logo":{"@type":"ImageObject","inLanguage":"fr-FR","@id":"https:\/\/maboxnatation.fr\/#\/schema\/logo\/image\/","url":"https:\/\/maboxnatation.fr\/wp-content\/uploads\/2021\/11\/Design-sans-titre-3.png","contentUrl":"https:\/\/maboxnatation.fr\/wp-content\/uploads\/2021\/11\/Design-sans-titre-3.png","width":1000,"height":1000,"caption":"ma box natation"},"image":{"@id":"https:\/\/maboxnatation.fr\/#\/schema\/logo\/image\/"}}]}},"jetpack_sharing_enabled":true,"_links":{"self":[{"href":"https:\/\/maboxnatation.fr\/index.php\/wp-json\/wp\/v2\/product\/75","targetHints":{"allow":["GET"]}}],"collection":[{"href":"https:\/\/maboxnatation.fr\/index.php\/wp-json\/wp\/v2\/product"}],"about":[{"href":"https:\/\/maboxnatation.fr\/index.php\/wp-json\/wp\/v2\/types\/product"}],"replies":[{"embeddable":true,"href":"https:\/\/maboxnatation.fr\/index.php\/wp-json\/wp\/v2\/comments?post=75"}],"wp:featuredmedia":[{"embeddable":true,"href":"https:\/\/maboxnatation.fr\/index.php\/wp-json\/wp\/v2\/media\/117"}],"wp:attachment":[{"href":"https:\/\/maboxnatation.fr\/index.php\/wp-json\/wp\/v2\/media?parent=75"}],"wp:term":[{"taxonomy":"product_brand","embeddable":true,"href":"https:\/\/maboxnatation.fr\/index.php\/wp-json\/wp\/v2\/product_brand?post=75"},{"taxonomy":"product_cat","embeddable":true,"href":"https:\/\/maboxnatation.fr\/index.php\/wp-json\/wp\/v2\/product_cat?post=75"},{"taxonomy":"product_tag","embeddable":true,"href":"https:\/\/maboxnatation.fr\/index.php\/wp-json\/wp\/v2\/product_tag?post=75"}],"curies":[{"name":"wp","href":"https:\/\/api.w.org\/{rel}","templated":true}]}}